{"id":10754,"date":"2022-03-01T08:37:38","date_gmt":"2022-03-01T08:37:38","guid":{"rendered":"https:\/\/stork.express\/?page_id=10754"},"modified":"2022-03-29T14:35:22","modified_gmt":"2022-03-29T14:35:22","slug":"blog","status":"publish","type":"page","link":"https:\/\/stork.express\/?page_id=10754","title":{"rendered":"BLOG &#8211; FR"},"content":{"rendered":"<p>[vc_row][vc_column][vc_custom_heading text=&#8221;Le blog Stork&#8221; font_container=&#8221;tag:h2|text_align:center&#8221; use_theme_fonts=&#8221;yes&#8221; css=&#8221;.vc_custom_1648537073518{background-position: center !important;background-repeat: no-repeat !important;background-size: contain !important;}&#8221;]<style type=\"text\/css\" >.post-title h2 a{color:#0fbff9;}.post-title h2 a:hover{color:#21e6f8;}.post,.post .post-info a{color:#000000;}.mejs-container .mejs-controls,.audio_ctn{background:#000000 !important;}.post_quote_text,.post_quote_author{background:#21e6f8; color:#ffffff;}.post a{color:#21c2f8;}.post a:hover,.post .post-info a:hover{color:#21e6f8;}.post .more-link{color:#0fbff9; border:1px solid #0fbff9;}.post .more-link:hover{background:#0fbff9; color:#ffffff;}.mejs-controls .mejs-time-rail .mejs-time-current{background:#0fbff9 !important;}.post .post-info{border-bottom:1px solid #ebebeb;}.blog_load_more_cont .btn_load_more{background:#ffffff; color:#2c3e50; border:1px solid #2c3e50;}.blog_load_more_cont .btn_load_more .refresh_icn:before{color:#2c3e50;}.blog_load_more_cont .btn_load_more:hover{background:#2c3e50; color:#ffffff; border:1px solid #2c3e50;}.blog_load_more_cont .btn_load_more:hover .refresh_icn:before{color:#ffffff;}.navigation .pagination span,.navigation .pagination a{border:1px solid #ecf0f1; color:#a1b1bc; background:#ffffff;}.navigation .pagination .current,.navigation .pagination span:hover,.navigation .pagination a:hover{ color:#ffffff !important; background:#222533; border:1px solid #222533; }.navigation{border-top:1px solid #ecf0f1;}.pagination_current_position{color:#a1b1bc;}.standard_trend_post_wrapper .post-title h2:after{color:#000000;}.standard_trend_post_wrapper .post-info,.standard_trend_post_wrapper .post-info a{color:#21c2f8;}.standard_trend_post_wrapper .more{background:#21e6f8; color:#fff;}.standard_trend_post_wrapper .more:hover{background:#21c2f8; color:#fff;}.standard_trend_post_wrapper .post-info-bottom{border-top:1px solid #ebebeb; color:#000000;}.standard_trend_post_wrapper .post-info-bottom a{color:#000000;}.masonry_post_wrapper,.masonry_post_wrapper .post-info a,.masonry_post_wrapper .post-bottom-info a{color:#000000;}.masonry_post_wrapper a{color:#21c2f8;}.masonry_post_wrapper a:hover,.masonry_post_wrapper .post-info a:hover,.masonry_post_wrapper .post-bottom-info a:hover{color:#21e6f8;}.masonry_post_wrapper .more-link{color:#0fbff9; border:1px solid #0fbff9;}.masonry_post_wrapper .more-link:hover{background:#0fbff9; color:#ffffff;}.masonry_post_wrapper{background:#ffffff; border:1px solid #ebebeb;}.masonry_post_wrapper .post-info{border-bottom:1px solid #ebebeb;}.masonry_post_wrapper .post-bottom-info{border-top:1px solid #ebebeb;}.masonry_post_wrapper .flex-direction-nav li a{color:#0fbff9; background:#ffffff;}.post_masonry .more-link,.post_timeline .more{color:#ffffff; border:1px solid #0fbff9; background:#0fbff9}.post_masonry .more-link:hover{background:#21e6f8; color:#ffffff; border:1px solid #21e6f8;}.grid_blog_post .more{color:#0fbff9; border:1px solid #0fbff9; background:#ffffff}.grid_blog_post .more:hover{background:#0fbff9; color:#ffffff; border:1px solid #0fbff9;}.post.multi_author_post .more-link{color:#0fbff9;  background:none; border:none;}.post.multi_author_post .more-link:hover{color:#21e6f8; background:none; border:none; }.trending_post_wrapper,.standard_trend_post_wrapper{background:#ffffff; border:1px solid #ebebeb}div.post_timeline:after,div.post_timeline:before{background:#ffffff; box-shadow: 0 0 0 3px #ffffff; border:1px solid #21c2f8}.timeline_ctn .v_line{background: #21c2f8; background: -moz-linear-gradient(top, #21c2f8 1%, #21e6f8 100%); background: -webkit-gradient(linear, left top, left bottom, color-stop(1%,#21c2f8), color-stop(100%,#21e6f8)); background: -webkit-linear-gradient(top, #21c2f8 1%,#21e6f8 100%); background: -o-linear-gradient(top, #21c2f8 1%,#21e6f8 100%); background: -ms-linear-gradient(top, #21c2f8 1%,#21e6f8 100%); background: linear-gradient(to bottom, #21c2f8 1%,#21e6f8 100%); filter: progid:DXImageTransform.Microsoft.gradient( startColorstr=\"#21c2f8\", endColorstr=\"#21e6f8\",GradientType=0 );}.timeline_month{background:#ffffff;}.post_timeline .arrow_l,.post_timeline .arrow_r{color:#0fbff9;}.post_timeline:hover .arrow_l,.post_timeline:hover .arrow_r{color:#21e6f8;}.timeline_pd_l,.timeline_pd_r{background:#0fbff9; color:#ffffff;}.timeline_pd_l:before,.timeline_pd_r:before{border-color:transparent #0fbff9 transparent;}.post-attachement a.blog_img_overlay:before{background:#21e6f8;}.masonry_post_wrapper{box-shadow:0 0px 0px #ffffff, 0 10px 0 -1px #ffffff, 0 0px 0px 0px #ffffff,0 0px 0px #ffffff, 0 10px 0 0px #ebebeb, 0px 0px 0px 0px #ffffff;}.author_date_ctn .rounded_date_ctn{border-color:#ffffff; color:#ffffff; background:#0fbff9;}.multi_author_post:hover .rounded_date_ctn,.author_date_ctn:before{background:#21c2f8;}.multi_author_ctn,.multi_author_ctn:after,.author_date_ctn img{background:#ffffff; border:1px solid #ebebeb; }.business_author_post .post_b_author a{color:#0fbff9; }.business_author_post .post_b_date{color:#999999; }.business_author_post .entry,.business_author_post .entry p{color:#000000; }.business_author_post .post_b_category a{background:#f6f7f8; border:1px solid #ebebeb; color:#999999; }.business_author_post .post-info a:first-child{color:#21c2f8; }.business_author_post .post-info a:hover:first-child{color:#0fbff9; }.business_author_post .post-info a,.business_author_post .post-info{color:#999999;}.business_author_post .post-info a:hover,.business_author_post .post_b_author a:hover{color:#21e6f8;}.business_author_post .post_quote_author,.business_author_post .post_quote_text:after,.business_author_post .post_quote_text{background:#21c2f8; color:#ffffff;}<\/style><script>\r\n\r\n\r\n\r\njQuery.noConflict();\r\n\r\n\r\n\r\njQuery(document).ready(function($){\r\n\t\"use strict\";\r\n\r\n\r\n $(window).load(function(){\r\n\r\nfunction watchblog() {\r\n\r\n$(\".masonry_ctn\").isotope({\r\n  \/\/ options\r\n  itemSelector : '.ajax_post',\r\n  layoutMode : 'masonry'\r\n});\r\n\r\n}\r\n\r\nsetInterval(watchblog, 100);\r\n\r\n});});\r\n\r\n\r\n<\/script>\r\n<div id=\"rd_4272btdzomf00b8j1th6\" class=\"masonry_ctn grid_post trend_loadmore\">\r\n\r\n<div class=\"post ajax_post grid_trend_blog_post blog_3_col \" class=\"post-10919 post type-post status-publish format-standard has-post-thumbnail hentry category-uncategorized-fr\">\r\n<div class=\"trending_post_wrapper\">\r\n<div class='post-attachement'><a href=\"https:\/\/stork.express\/?p=10919\" class=\"blog_img_overlay\"><img width=\"553\" height=\"400\" src=\"https:\/\/stork.express\/wp-content\/uploads\/2022\/03\/Article-4_blog-image-553x400.jpg\" class=\"attachment-blog_tn_alt size-blog_tn_alt wp-post-image\" alt=\"Article 4_blog image\" loading=\"lazy\" \/><\/a><a href='https:\/\/stork.express\/wp-content\/uploads\/2022\/03\/Article-4_blog-image.jpg' class='prettyPhoto post-att-zoom'><i class='fa fa-expand'><\/i><\/a><\/div><div class='sep_25'><\/div>  <div class=\"post_ctn\">\r\n    <!-- .title -->\r\n    <div class=\"post-title\">\r\n      <h2><a href=\"https:\/\/stork.express\/?p=10919\" title=\"Qu\u2019est ce que Stork?\">\r\n        Qu\u2019est ce que Stork?        <\/a><\/h2>\r\n    <\/div>\r\n     <!-- .title END-->\r\n     <!-- post-info-top -->\r\n    <div class=\"post-info\"><span class=\"pi_cat\"><a href=\"https:\/\/stork.express\/?cat=69\" rel=\"category\">Uncategorized<\/a>    <span class=\"pi_sep\">|<\/span>    <\/span><span class=\"pi_comment\"><span class=\"comments-link\">Comments are Closed<\/span>    <span class=\"pi_sep\">|<\/span>    <\/span><span class=\"pi_like\"><a href=\"#\" class=\"zilla-likes\" id=\"zilla-likes-10919\" title=\"Like this\"><span class=\"zilla-likes-count\">0<\/span> <span class=\"zilla-likes-postfix\"><\/span><\/a><\/span><\/div>\r\n\r\n    <!-- post-info END-->\r\n    <!-- .entry -->\r\n    <div class=\"entry\">\r\nLivrer, se faire livrer est aujourd'hui un v\u00e9ritable casse-t\u00eate. Stork Express fait le pari de r\u00e9inventer la livraison de demain ...<br><a href=\"https:\/\/stork.express\/?p=10919\" class=\"more\">Read more<\/a>    <\/div>\r\n    <!-- .entry END -->\r\n     <\/div>\r\n\r\n     <\/div>\r\n\t<\/div>\r\n\t<!-- .post-content END-->\r\n\t<!-- .post END -->\r\n\r\n\r\n<div class=\"post ajax_post grid_trend_blog_post blog_3_col \" class=\"post-10896 post type-post status-publish format-standard has-post-thumbnail hentry category-uncategorized-fr\">\r\n<div class=\"trending_post_wrapper\">\r\n<div class='post-attachement'><a href=\"https:\/\/stork.express\/?p=10896\" class=\"blog_img_overlay\"><img width=\"553\" height=\"400\" src=\"https:\/\/stork.express\/wp-content\/uploads\/2022\/03\/Article-3_blog-image-553x400.jpg\" class=\"attachment-blog_tn_alt size-blog_tn_alt wp-post-image\" alt=\"Article 3_blog image\" loading=\"lazy\" \/><\/a><a href='https:\/\/stork.express\/wp-content\/uploads\/2022\/03\/Article-3_blog-image.jpg' class='prettyPhoto post-att-zoom'><i class='fa fa-expand'><\/i><\/a><\/div><div class='sep_25'><\/div>  <div class=\"post_ctn\">\r\n    <!-- .title -->\r\n    <div class=\"post-title\">\r\n      <h2><a href=\"https:\/\/stork.express\/?p=10896\" title=\"Optimiser la logistique du dernier kilom\u00e8tre\">\r\n        Optimiser la logistique du dernier kilom\u00e8tre        <\/a><\/h2>\r\n    <\/div>\r\n     <!-- .title END-->\r\n     <!-- post-info-top -->\r\n    <div class=\"post-info\"><span class=\"pi_cat\"><a href=\"https:\/\/stork.express\/?cat=69\" rel=\"category\">Uncategorized<\/a>    <span class=\"pi_sep\">|<\/span>    <\/span><span class=\"pi_comment\"><a href=\"https:\/\/stork.express\/?p=10896#respond\" class=\"comments-link\" >0 comment<\/a>    <span class=\"pi_sep\">|<\/span>    <\/span><span class=\"pi_like\"><a href=\"#\" class=\"zilla-likes\" id=\"zilla-likes-10896\" title=\"Like this\"><span class=\"zilla-likes-count\">0<\/span> <span class=\"zilla-likes-postfix\"><\/span><\/a><\/span><\/div>\r\n\r\n    <!-- post-info END-->\r\n    <!-- .entry -->\r\n    <div class=\"entry\">\r\nLes probl\u00e9matiques de la livraison du dernier kilom\u00e8tre sont multiples et \u00e9volutives. Comment optimiser les tourn\u00e9es et avec quelles actions?...<br><a href=\"https:\/\/stork.express\/?p=10896\" class=\"more\">Read more<\/a>    <\/div>\r\n    <!-- .entry END -->\r\n     <\/div>\r\n\r\n     <\/div>\r\n\t<\/div>\r\n\t<!-- .post-content END-->\r\n\t<!-- .post END -->\r\n\r\n\r\n<div class=\"post ajax_post grid_trend_blog_post blog_3_col \" class=\"post-10832 post type-post status-publish format-standard has-post-thumbnail hentry category-uncategorized-fr\">\r\n<div class=\"trending_post_wrapper\">\r\n<div class='post-attachement'><a href=\"https:\/\/stork.express\/?p=10832\" class=\"blog_img_overlay\"><img width=\"553\" height=\"400\" src=\"https:\/\/stork.express\/wp-content\/uploads\/2022\/03\/Article-2_blog-image-553x400.jpg\" class=\"attachment-blog_tn_alt size-blog_tn_alt wp-post-image\" alt=\"Article 2 blog image\" loading=\"lazy\" \/><\/a><a href='https:\/\/stork.express\/wp-content\/uploads\/2022\/03\/Article-2_blog-image.jpg' class='prettyPhoto post-att-zoom'><i class='fa fa-expand'><\/i><\/a><\/div><div class='sep_25'><\/div>  <div class=\"post_ctn\">\r\n    <!-- .title -->\r\n    <div class=\"post-title\">\r\n      <h2><a href=\"https:\/\/stork.express\/?p=10832\" title=\"Comprendre les enjeux de la logistique du dernier kilom\u00e8tre\">\r\n        Comprendre les enjeux de la logistique du dernier kilom\u00e8tre        <\/a><\/h2>\r\n    <\/div>\r\n     <!-- .title END-->\r\n     <!-- post-info-top -->\r\n    <div class=\"post-info\"><span class=\"pi_cat\"><a href=\"https:\/\/stork.express\/?cat=69\" rel=\"category\">Uncategorized<\/a>    <span class=\"pi_sep\">|<\/span>    <\/span><span class=\"pi_comment\"><a href=\"https:\/\/stork.express\/?p=10832#respond\" class=\"comments-link\" >0 comment<\/a>    <span class=\"pi_sep\">|<\/span>    <\/span><span class=\"pi_like\"><a href=\"#\" class=\"zilla-likes\" id=\"zilla-likes-10832\" title=\"Like this\"><span class=\"zilla-likes-count\">0<\/span> <span class=\"zilla-likes-postfix\"><\/span><\/a><\/span><\/div>\r\n\r\n    <!-- post-info END-->\r\n    <!-- .entry -->\r\n    <div class=\"entry\">\r\nComment livrer vite en prenant en compte les contraintes techniques et environnementales tout en mettant le client au centre? ...<br><a href=\"https:\/\/stork.express\/?p=10832\" class=\"more\">Read more<\/a>    <\/div>\r\n    <!-- .entry END -->\r\n     <\/div>\r\n\r\n     <\/div>\r\n\t<\/div>\r\n\t<!-- .post-content END-->\r\n\t<!-- .post END -->\r\n\r\n\r\n<div class=\"post ajax_post grid_trend_blog_post blog_3_col \" class=\"post-10827 post type-post status-publish format-standard has-post-thumbnail hentry category-uncategorized-fr\">\r\n<div class=\"trending_post_wrapper\">\r\n<div class='post-attachement'><a href=\"https:\/\/stork.express\/?p=10827\" class=\"blog_img_overlay\"><img width=\"553\" height=\"400\" src=\"https:\/\/stork.express\/wp-content\/uploads\/2022\/03\/Article-1_blog-image-553x400.jpg\" class=\"attachment-blog_tn_alt size-blog_tn_alt wp-post-image\" alt=\"Article 1 blog image\" loading=\"lazy\" \/><\/a><a href='https:\/\/stork.express\/wp-content\/uploads\/2022\/03\/Article-1_blog-image.jpg' class='prettyPhoto post-att-zoom'><i class='fa fa-expand'><\/i><\/a><\/div><div class='sep_25'><\/div>  <div class=\"post_ctn\">\r\n    <!-- .title -->\r\n    <div class=\"post-title\">\r\n      <h2><a href=\"https:\/\/stork.express\/?p=10827\" title=\"Qu&#8217;est-ce que le dernier kilom\u00e8tre?\">\r\n        Qu&#8217;est-ce que le dernier kilom\u00e8tre?        <\/a><\/h2>\r\n    <\/div>\r\n     <!-- .title END-->\r\n     <!-- post-info-top -->\r\n    <div class=\"post-info\"><span class=\"pi_cat\"><a href=\"https:\/\/stork.express\/?cat=69\" rel=\"category\">Uncategorized<\/a>    <span class=\"pi_sep\">|<\/span>    <\/span><span class=\"pi_comment\"><a href=\"https:\/\/stork.express\/?p=10827#respond\" class=\"comments-link\" >0 comment<\/a>    <span class=\"pi_sep\">|<\/span>    <\/span><span class=\"pi_like\"><a href=\"#\" class=\"zilla-likes\" id=\"zilla-likes-10827\" title=\"Like this\"><span class=\"zilla-likes-count\">0<\/span> <span class=\"zilla-likes-postfix\"><\/span><\/a><\/span><\/div>\r\n\r\n    <!-- post-info END-->\r\n    <!-- .entry -->\r\n    <div class=\"entry\">\r\nLe dernier kilom\u00e8tre inclut toutes les op\u00e9rations mises en place dans la distribution finale d\u2019un colis ou d\u2019un bien....<br><a href=\"https:\/\/stork.express\/?p=10827\" class=\"more\">Read more<\/a>    <\/div>\r\n    <!-- .entry END -->\r\n     <\/div>\r\n\r\n     <\/div>\r\n\t<\/div>\r\n\t<!-- .post-content END-->\r\n\t<!-- .post END -->\r\n\r\n\r\n<!-- .navigation -->\r\n<\/div>\r\n<div class=\"navigation clearfix \">\r\n  <\/div>\r\n\r\n<!-- .navigation END -->\r\n\r\n[\/vc_column][\/vc_row]<\/p>\n","protected":false},"excerpt":{"rendered":"<p>Livrer, se faire livrer est aujourd&#8217;hui un v\u00e9ritable casse-t\u00eate. Stork Express fait le pari de r\u00e9inventer la livraison de demain<br \/><a href=\"https:\/\/stork.express\/?p=10919\" class=\"more\">Read more<\/a><\/p>\n","protected":false},"author":1,"featured_media":10550,"parent":0,"menu_order":0,"comment_status":"closed","ping_status":"closed","template":"","meta":[],"_links":{"self":[{"href":"https:\/\/stork.express\/index.php?rest_route=\/wp\/v2\/pages\/10754"}],"collection":[{"href":"https:\/\/stork.express\/index.php?rest_route=\/wp\/v2\/pages"}],"about":[{"href":"https:\/\/stork.express\/index.php?rest_route=\/wp\/v2\/types\/page"}],"author":[{"embeddable":true,"href":"https:\/\/stork.express\/index.php?rest_route=\/wp\/v2\/users\/1"}],"replies":[{"embeddable":true,"href":"https:\/\/stork.express\/index.php?rest_route=%2Fwp%2Fv2%2Fcomments&post=10754"}],"version-history":[{"count":39,"href":"https:\/\/stork.express\/index.php?rest_route=\/wp\/v2\/pages\/10754\/revisions"}],"predecessor-version":[{"id":11078,"href":"https:\/\/stork.express\/index.php?rest_route=\/wp\/v2\/pages\/10754\/revisions\/11078"}],"wp:featuredmedia":[{"embeddable":true,"href":"https:\/\/stork.express\/index.php?rest_route=\/wp\/v2\/media\/10550"}],"wp:attachment":[{"href":"https:\/\/stork.express\/index.php?rest_route=%2Fwp%2Fv2%2Fmedia&parent=10754"}],"curies":[{"name":"wp","href":"https:\/\/api.w.org\/{rel}","templated":true}]}}