{"id":9324,"date":"2021-04-21T11:43:32","date_gmt":"2021-04-21T11:43:32","guid":{"rendered":"http:\/\/dev.stork.express\/?page_id=9324"},"modified":"2022-08-08T12:28:50","modified_gmt":"2022-08-08T12:28:50","slug":"carriere-contact-fr","status":"publish","type":"page","link":"https:\/\/stork.express\/?page_id=9324","title":{"rendered":"CARRI\u00c8RE &#038; CONTACT &#8211; FR"},"content":{"rendered":"<p>[vc_row type=&#8221;full-width-section&#8221; css=&#8221;.vc_custom_1622810789627{margin-top: 0px !important;border-bottom-width: 60px !important;background-color: #00bffb !important;}&#8221;][vc_column width=&#8221;1\/3&#8243;][vc_row_inner][vc_column_inner offset=&#8221;vc_hidden-sm vc_hidden-xs&#8221;][vc_empty_space height=&#8221;62px&#8221; el_class=&#8221;desktop-only&#8221;][vc_column_text]<\/p>\n<h1 class=\"mobile--title-font2\" style=\"text-align: center;\"><span style=\"color: white;\">&#8221; <\/span>Fort d\u2019une \u00e9quipe motiv\u00e9e Stork est en constante \u00e9volution et en recherche permanente de nouveaux talents <span style=\"color: white;\">comme vous !<\/span><\/h1>\n<p>[\/vc_column_text][\/vc_column_inner][vc_column_inner offset=&#8221;vc_hidden-lg vc_hidden-md&#8221;][vc_column_text]<\/p>\n<h4 style=\"text-align: center;\"><span style=\"color: white;\">&#8221; <\/span><span style=\"color: black;\">Fort d\u2019une \u00e9quipe motiv\u00e9e Stork est en constante \u00e9volution et en recherche permanente de nouveaux talents<\/span> <span style=\"color: white;\">comme vous !<\/span><\/h4>\n<p>[\/vc_column_text][\/vc_column_inner][\/vc_row_inner][\/vc_column][vc_column width=&#8221;2\/3&#8243;][vc_single_image image=&#8221;9582&#8243; img_size=&#8221;large&#8221; alignment=&#8221;center&#8221;][vc_empty_space height=&#8221;62px&#8221;][\/vc_column][\/vc_row][vc_row][vc_column][vc_custom_heading text=&#8221;Parcourez nos diff\u00e9rents postes vacants ou envoyez-nous une candidature spontan\u00e9e.&#8221; font_container=&#8221;tag:h4|text_align:center|color:%23000000&#8243; use_theme_fonts=&#8221;yes&#8221;][vc_row_inner][vc_column_inner][vc_raw_html]JTVCYXdzbWpvYnMlNUQ=[\/vc_raw_html][\/vc_column_inner][\/vc_row_inner][vc_zigzag css=&#8221;.vc_custom_1624445985696{margin-top: 60px !important;margin-bottom: 60px !important;}&#8221;][\/vc_column][\/vc_row][vc_column][\/vc_column][vc_row][vc_column width=&#8221;1\/6&#8243;][\/vc_column][vc_column width=&#8221;2\/3&#8243;][vc_custom_heading text=&#8221;Nous contacter&#8221; font_container=&#8221;tag:h2|font_size:36|text_align:center|color:%2300bffb&#8221; google_fonts=&#8221;font_family:Lato%3A100%2C100italic%2C300%2C300italic%2Cregular%2Citalic%2C700%2C700italic%2C900%2C900italic|font_style:300%20light%20regular%3A300%3Anormal&#8221; css=&#8221;.vc_custom_1625479511310{margin-bottom: 40px !important;}&#8221; el_class=&#8221;mobile-title-font2&#8243;]<style type=\"text\/css\" >#rd_u3byv0massrwwuq0h6zw .wpcf7 input[type=submit]{font-size:15px; font-weight:900; border-radius:2px; padding:11px 15px; letter-spacing: 0.5px; margin-top:3px;}#rd_u3byv0massrwwuq0h6zw .wpcf7 input[type=submit]:hover {background:#21e6f8; color:#ffffff !important;}#rd_u3byv0massrwwuq0h6zw .wpcf7 input:not([type=submit]):not([type=checkbox]),#rd_u3byv0massrwwuq0h6zw textarea,#rd_u3byv0massrwwuq0h6zw .wpcf7 select{border-radius:0px;}#rd_u3byv0massrwwuq0h6zw .wpcf7 input:not([type=submit]),#rd_u3byv0massrwwuq0h6zw textarea,#rd_u3byv0massrwwuq0h6zw .wpcf7 input[type=submit],#rd_u3byv0massrwwuq0h6zw .wpcf7 select{margin-top:3px;}#rd_u3byv0massrwwuq0h6zw p{margin-bottom:23px;}#rd_u3byv0massrwwuq0h6zw .wpcf7 input:not([type=submit]):not([type=checkbox]),#rd_u3byv0massrwwuq0h6zw .wpcf7  textarea,#rd_u3byv0massrwwuq0h6zw .wpcf7 select{border:1px solid #ecf0f1; background:#ffffff;}#rd_u3byv0massrwwuq0h6zw .wpcf7 input[type=submit]{background:; color: !important;}<\/style><div id=\"rd_u3byv0massrwwuq0h6zw\" class=\"\"><div role=\"form\" class=\"wpcf7\" id=\"wpcf7-f11335-o1\" lang=\"en-US\" dir=\"ltr\">\n<div class=\"screen-reader-response\"><p role=\"status\" aria-live=\"polite\" aria-atomic=\"true\"><\/p> <ul><\/ul><\/div>\n<form action=\"\/index.php?rest_route=%2Fwp%2Fv2%2Fpages%2F9324#wpcf7-f11335-o1\" method=\"post\" class=\"wpcf7-form init\" enctype=\"multipart\/form-data\" novalidate=\"novalidate\" data-status=\"init\">\n<div style=\"display: none;\">\n<input type=\"hidden\" name=\"_wpcf7\" value=\"11335\" \/>\n<input type=\"hidden\" name=\"_wpcf7_version\" value=\"5.5.6\" \/>\n<input type=\"hidden\" name=\"_wpcf7_locale\" value=\"en_US\" \/>\n<input type=\"hidden\" name=\"_wpcf7_unit_tag\" value=\"wpcf7-f11335-o1\" \/>\n<input type=\"hidden\" name=\"_wpcf7_container_post\" value=\"0\" \/>\n<input type=\"hidden\" name=\"_wpcf7_posted_data_hash\" value=\"\" \/>\n<input type=\"hidden\" name=\"_wpcf7cf_hidden_group_fields\" value=\"[]\" \/>\n<input type=\"hidden\" name=\"_wpcf7cf_hidden_groups\" value=\"[]\" \/>\n<input type=\"hidden\" name=\"_wpcf7cf_visible_groups\" value=\"[]\" \/>\n<input type=\"hidden\" name=\"_wpcf7cf_repeaters\" value=\"[]\" \/>\n<input type=\"hidden\" name=\"_wpcf7cf_steps\" value=\"{}\" \/>\n<input type=\"hidden\" name=\"_wpcf7cf_options\" value=\"{&quot;form_id&quot;:11335,&quot;conditions&quot;:[{&quot;then_field&quot;:&quot;-1&quot;,&quot;and_rules&quot;:[{&quot;if_field&quot;:&quot;-1&quot;,&quot;operator&quot;:&quot;not equals&quot;,&quot;if_value&quot;:&quot;I can&#039;t login or create an account&quot;}]}],&quot;settings&quot;:{&quot;animation&quot;:&quot;yes&quot;,&quot;animation_intime&quot;:200,&quot;animation_outtime&quot;:200,&quot;conditions_ui&quot;:&quot;normal&quot;,&quot;notice_dismissed&quot;:false,&quot;notice_dismissed_update-cf7-5.6.1&quot;:true}}\" \/>\n<\/div>\n<div style=\"border: 1px solid #ecf0f1; border-radius: 4px; padding: 40px; background-color: #FFF;\">\n<div style=\"padding:\" 0;\">\n        <span class=\"wpcf7-form-control-wrap your-first-name\"><input type=\"text\" name=\"your-first-name\" value=\"\" size=\"40\" class=\"wpcf7-form-control wpcf7-text wpcf7-validates-as-required required\" aria-required=\"true\" aria-invalid=\"false\" placeholder=\"Pr\u00e9nom\" \/><\/span>\n    <\/div>\n<div style=\"padding:\" 0;\">\n        <span class=\"wpcf7-form-control-wrap your-last-name\"><input type=\"text\" name=\"your-last-name\" value=\"\" size=\"40\" class=\"wpcf7-form-control wpcf7-text wpcf7-validates-as-required required\" aria-required=\"true\" aria-invalid=\"false\" placeholder=\"Nom\" \/><\/span>\n    <\/div>\n<div style=\"padding:\" 0;\">\n        <span class=\"wpcf7-form-control-wrap your-email\"><input type=\"email\" name=\"your-email\" value=\"\" size=\"40\" class=\"wpcf7-form-control wpcf7-text wpcf7-email wpcf7-validates-as-required wpcf7-validates-as-email required\" aria-required=\"true\" aria-invalid=\"false\" placeholder=\"\u0415mail\" \/><\/span>\n    <\/div>\n<div>\n        <span class=\"wpcf7-form-control-wrap your-phone-number\"><input type=\"tel\" name=\"your-phone-number\" value=\"\" size=\"40\" class=\"wpcf7-form-control wpcf7-text wpcf7-tel wpcf7-validates-as-required wpcf7-validates-as-tel required\" aria-required=\"true\" aria-invalid=\"false\" placeholder=\"N\u00b0 de T\u00e9l\u00e9phone\" \/><\/span>\n    <\/div>\n<div style=\"padding-top:\" 10px;\">\n        <label style=\"color: #00A5E2\"> Pi\u00e8ces jointes (CV + lettre de motivation) <\/label><br \/>\n        <br><span style=\"font-size: 12px\"> ( Formats accept\u00e9s PDF, DOC, DOCX - 5 MO Max ) <\/spam><br \/>\n        <div id=\"mfcf7_zl_multifilecontainer\"><span class=\"mfcf7-zl-multiline-sample\" style=\"display:none\"><p class=\"wpcf7-form-control-wrap multilinefile-132\"><input type=\"file\" name=\"multilinefile-132[]\" value=\"Upload\" size=\"40\" class=\"wpcf7-form-control wpcf7-multilinefile wpcf7-validates-as-required\" multiple=\"multiple\" aria-required=\"true\" aria-invalid=\"false\" \/> <span class=\"mfcf7-zl-multifile-name\"><\/span><a href=\"javascript:void(0);\" class=\"mfcf7_zl_delete_file\"><span class=\"delete-file\" aria-hidden=\"true\">&#x274C;<\/span><\/a><\/p><\/span><\/div><span class=\"wpcf7-form-control-wrap zl-form-control-wrap multilinefile-132\"><input type=\"file\" name=\"multilinefile-132[]\" value=\"Upload\" size=\"40\" class=\"wpcf7-form-control wpcf7-multilinefile wpcf7-validates-as-required\" multiple=\"multiple\" aria-required=\"true\" aria-invalid=\"false\" \/> <span class=\"mfcf7-zl-multifile-name\"><\/span><a href=\"javascript:void(0);\" class=\"mfcf7_zl_delete_file\"><span class=\"delete-file\" aria-hidden=\"true\">&#x274C;<\/span><\/a><\/span><p><lable><span class=\"wpcf7-form-control-wrap\" data-name=\"multilinefile-132-zl-mfcf7-upld-btn\"><input type=\"button\" name=\"multilinefile-132-zl-mfcf7-upld-btn\" class=\"button button-primary qbutton\" href=\"javascript:void(0);\" id=\"mfcf7_zl_add_file\" value=\"Upload\"><\/span><\/lable><\/p>\n    <\/div>\n<div>\n<\/div>\n<div>\n<div id=\"corners\"><input type=\"submit\" value=\"Appliquer\" class=\"wpcf7-form-control has-spinner wpcf7-submit\" \/><\/div>\n<\/div>\n<\/div>\n<div class=\"wpcf7-response-output\" aria-hidden=\"true\"><\/div><\/form><\/div><\/div>[\/vc_column][vc_column width=&#8221;1\/6&#8243;][\/vc_column][\/vc_row][vc_row type=&#8221;full-width-content&#8221; content_placement=&#8221;bottom&#8221; css=&#8221;.vc_custom_1535621101661{margin-top: 0px !important;margin-bottom: 0px !important;border-top-width: 0px !important;border-bottom-width: 0px !important;padding-top: 0px !important;padding-bottom: 0px !important;background-color: #09bffa !important;}&#8221;][vc_column][vc_single_image image=&#8221;8629&#8243; img_size=&#8221;full&#8221; alignment=&#8221;center&#8221;][\/vc_column][\/vc_row]<\/p>\n","protected":false},"excerpt":{"rendered":"<p>[vc_row type=&#8221;full-width-section&#8221; css=&#8221;.vc_custom_1622810789627{margin-top: 0px !important;border-bottom-width: 60px !important;background-color: #00bffb !important;}&#8221;][vc_column width=&#8221;1\/3&#8243;][vc_row_inner][vc_column_inner offset=&#8221;vc_hidden-sm vc_hidden-xs&#8221;][vc_empty_space height=&#8221;62px&#8221; el_class=&#8221;desktop-only&#8221;][vc_column_text] &#8221; Fort d\u2019une \u00e9quipe motiv\u00e9e Stork est en constante \u00e9volution et en recherche permanente de nouveaux talents comme vous ! [\/vc_column_text][\/vc_column_inner][vc_column_inner offset=&#8221;vc_hidden-lg vc_hidden-md&#8221;][vc_column_text] &#8221; Fort d\u2019une \u00e9quipe motiv\u00e9e Stork est en constante \u00e9volution et en recherche permanente de nouveaux talents comme<br \/><a href=\"https:\/\/stork.express\/?page_id=9324\" class=\"more\">Read more<\/a><\/p>\n","protected":false},"author":1,"featured_media":0,"parent":0,"menu_order":0,"comment_status":"closed","ping_status":"closed","template":"","meta":[],"_links":{"self":[{"href":"https:\/\/stork.express\/index.php?rest_route=\/wp\/v2\/pages\/9324"}],"collection":[{"href":"https:\/\/stork.express\/index.php?rest_route=\/wp\/v2\/pages"}],"about":[{"href":"https:\/\/stork.express\/index.php?rest_route=\/wp\/v2\/types\/page"}],"author":[{"embeddable":true,"href":"https:\/\/stork.express\/index.php?rest_route=\/wp\/v2\/users\/1"}],"replies":[{"embeddable":true,"href":"https:\/\/stork.express\/index.php?rest_route=%2Fwp%2Fv2%2Fcomments&post=9324"}],"version-history":[{"count":27,"href":"https:\/\/stork.express\/index.php?rest_route=\/wp\/v2\/pages\/9324\/revisions"}],"predecessor-version":[{"id":9326,"href":"https:\/\/stork.express\/index.php?rest_route=\/wp\/v2\/pages\/9324\/revisions\/9326"}],"wp:attachment":[{"href":"https:\/\/stork.express\/index.php?rest_route=%2Fwp%2Fv2%2Fmedia&parent=9324"}],"curies":[{"name":"wp","href":"https:\/\/api.w.org\/{rel}","templated":true}]}}